{"id":15,"date":"2023-06-29T02:36:35","date_gmt":"2023-06-29T02:36:35","guid":{"rendered":"https:\/\/novastar.jri.ne.jp\/?page_id=15"},"modified":"2023-06-30T03:04:53","modified_gmt":"2023-06-30T03:04:53","slug":"all-in-one-controller","status":"publish","type":"page","link":"https:\/\/novastar.jri.ne.jp\/?page_id=15","title":{"rendered":"All-in-one Controller"},"content":{"rendered":"\n<div class=\"wp-block-columns is-layout-flex wp-container-2 wp-block-columns-is-layout-flex\">\n<div class=\"wp-block-column is-vertically-aligned-center is-layout-flow wp-block-column-is-layout-flow\" style=\"flex-basis:100%\">\n<figure class=\"wp-block-table aligncenter is-style-stripes\"><table><thead><tr><th class=\"has-text-align-center\" data-align=\"center\">All-in-one Controller<\/th><th class=\"has-text-align-left\" data-align=\"left\">VX400<\/th><th class=\"has-text-align-left\" data-align=\"left\">VX600<\/th><th class=\"has-text-align-left\" data-align=\"left\">VX1000<\/th><th class=\"has-text-align-left\" data-align=\"left\">VX16S<\/th><\/tr><\/thead><tbody><tr><td class=\"has-text-align-center\" data-align=\"center\"><\/td><td class=\"has-text-align-left\" data-align=\"left\"><img decoding=\"async\" loading=\"lazy\" width=\"600\" height=\"300\" class=\"wp-image-87\" style=\"width: 150px;\" src=\"https:\/\/novastar.jri.ne.jp\/wp-content\/uploads\/2023\/06\/vx400.jpg\" alt=\"\" srcset=\"https:\/\/novastar.jri.ne.jp\/wp-content\/uploads\/2023\/06\/vx400.jpg 600w, https:\/\/novastar.jri.ne.jp\/wp-content\/uploads\/2023\/06\/vx400-300x150.jpg 300w\" sizes=\"(max-width: 600px) 100vw, 600px\" \/><\/td><td class=\"has-text-align-left\" data-align=\"left\"><img decoding=\"async\" loading=\"lazy\" width=\"600\" height=\"300\" class=\"wp-image-88\" style=\"width: 150px;\" src=\"https:\/\/novastar.jri.ne.jp\/wp-content\/uploads\/2023\/06\/vx600.jpg\" alt=\"\" srcset=\"https:\/\/novastar.jri.ne.jp\/wp-content\/uploads\/2023\/06\/vx600.jpg 600w, https:\/\/novastar.jri.ne.jp\/wp-content\/uploads\/2023\/06\/vx600-300x150.jpg 300w\" sizes=\"(max-width: 600px) 100vw, 600px\" \/><\/td><td class=\"has-text-align-left\" data-align=\"left\"><img decoding=\"async\" loading=\"lazy\" width=\"600\" height=\"300\" class=\"wp-image-89\" style=\"width: 150px;\" src=\"https:\/\/novastar.jri.ne.jp\/wp-content\/uploads\/2023\/06\/vx1000.jpg\" alt=\"\" srcset=\"https:\/\/novastar.jri.ne.jp\/wp-content\/uploads\/2023\/06\/vx1000.jpg 600w, https:\/\/novastar.jri.ne.jp\/wp-content\/uploads\/2023\/06\/vx1000-300x150.jpg 300w\" sizes=\"(max-width: 600px) 100vw, 600px\" \/><\/td><td class=\"has-text-align-left\" data-align=\"left\"><img decoding=\"async\" loading=\"lazy\" width=\"600\" height=\"300\" class=\"wp-image-86\" style=\"width: 150px;\" src=\"https:\/\/novastar.jri.ne.jp\/wp-content\/uploads\/2023\/06\/vx16s.jpg\" alt=\"\" srcset=\"https:\/\/novastar.jri.ne.jp\/wp-content\/uploads\/2023\/06\/vx16s.jpg 600w, https:\/\/novastar.jri.ne.jp\/wp-content\/uploads\/2023\/06\/vx16s-300x150.jpg 300w\" sizes=\"(max-width: 600px) 100vw, 600px\" \/><\/td><\/tr><tr><td class=\"has-text-align-center\" data-align=\"center\">\u5236\u5fa1\u30c9\u30c3\u30c8\u6570<\/td><td class=\"has-text-align-left\" data-align=\"left\">2,600,000<\/td><td class=\"has-text-align-left\" data-align=\"left\">3,900,000<\/td><td class=\"has-text-align-left\" data-align=\"left\">6,500,000<\/td><td class=\"has-text-align-left\" data-align=\"left\">10,400,000<\/td><\/tr><tr><td class=\"has-text-align-center\" data-align=\"center\">Max Input<\/td><td class=\"has-text-align-left\" data-align=\"left\">W:3840\u00d7648@60Hz<br>H:1246\u00d71920@60Hz<\/td><td class=\"has-text-align-left\" data-align=\"left\">W:3840\u00d7600@60Hz<br>H:800\u00d72784@60Hz<\/td><td class=\"has-text-align-left\" data-align=\"left\">W:4096\u00d71136@60Hz<br>H:1060\u00d73981@60Hz<\/td><td class=\"has-text-align-left\" data-align=\"left\">W:7680\u00d71080@60Hz<br>H:1080\u00d78192@60Hz<\/td><\/tr><tr><td class=\"has-text-align-center\" data-align=\"center\">Max Output<\/td><td class=\"has-text-align-left\" data-align=\"left\">Max Width:10240<br>Max Height:8192<\/td><td class=\"has-text-align-left\" data-align=\"left\">Max Width:10240<br>Max Height: 8192<\/td><td class=\"has-text-align-left\" data-align=\"left\">Max Width:10240<br>Max Height: 8192<\/td><td class=\"has-text-align-left\" data-align=\"left\">Max Width:3840<br>Max Height: 3840<\/td><\/tr><tr><td class=\"has-text-align-center\" data-align=\"center\">Video Input<\/td><td class=\"has-text-align-left\" data-align=\"left\">HDMI1.3\u00d72,DVI\u00d71<br>3G-SDI\u00d71<\/td><td class=\"has-text-align-left\" data-align=\"left\">HDMI1.3\u00d72, DVI\u00d71<br>3G-SDI\u00d71<\/td><td class=\"has-text-align-left\" data-align=\"left\">HDMI1.4\u00d72, DVI\u00d72<br>3G-SDI\u00d71<\/td><td class=\"has-text-align-left\" data-align=\"left\">HDMI2.0\u00d71, DVI\u00d74<br>3G-SDI\u00d72<\/td><\/tr><tr><td class=\"has-text-align-center\" data-align=\"center\">Output LAN<\/td><td class=\"has-text-align-left\" data-align=\"left\">Network Port\u00d74<\/td><td class=\"has-text-align-left\" data-align=\"left\">Network Port\u00d76<\/td><td class=\"has-text-align-left\" data-align=\"left\">Network Port\u00d710<\/td><td class=\"has-text-align-left\" data-align=\"left\">Network Port\u00d716<\/td><\/tr><tr><td class=\"has-text-align-center\" data-align=\"center\">Max Layers<\/td><td class=\"has-text-align-left\" data-align=\"left\">2<\/td><td class=\"has-text-align-left\" data-align=\"left\">3<\/td><td class=\"has-text-align-left\" data-align=\"left\">3<\/td><td class=\"has-text-align-left\" data-align=\"left\">3<\/td><\/tr><tr><td class=\"has-text-align-center\" data-align=\"center\">Max Presets<\/td><td class=\"has-text-align-left\" data-align=\"left\">10<\/td><td class=\"has-text-align-left\" data-align=\"left\">10<\/td><td class=\"has-text-align-left\" data-align=\"left\">10<\/td><td class=\"has-text-align-left\" data-align=\"left\">10<\/td><\/tr><tr><td class=\"has-text-align-center\" data-align=\"center\">\u30e2\u30cb\u30bf\u30fc\u51fa\u529b<\/td><td class=\"has-text-align-left\" data-align=\"left\">HDMI1.3\u00d71<\/td><td class=\"has-text-align-left\" data-align=\"left\">HDMI1.3\u00d71<\/td><td class=\"has-text-align-left\" data-align=\"left\">HDMI1.3\u00d71<\/td><td class=\"has-text-align-left\" data-align=\"left\">HDMI1.3\u00d71<\/td><\/tr><tr><td class=\"has-text-align-center\" data-align=\"center\">\u30b3\u30f3\u30c8\u30ed\u30fc\u30eb<\/td><td class=\"has-text-align-left\" data-align=\"left\">USB, TCP\/IP<\/td><td class=\"has-text-align-left\" data-align=\"left\">USB, TCP\/IP<\/td><td class=\"has-text-align-left\" data-align=\"left\">USB, TCP\/IP<\/td><td class=\"has-text-align-left\" data-align=\"left\">USB, TCP\/IP, RS232<\/td><\/tr><tr><td class=\"has-text-align-center\" data-align=\"center\">\u8a2d\u5b9a\u30bd\u30d5\u30c8<\/td><td class=\"has-text-align-left\" data-align=\"left\">--<\/td><td class=\"has-text-align-left\" data-align=\"left\">V-CAN<\/td><td class=\"has-text-align-left\" data-align=\"left\">V-CAN<\/td><td class=\"has-text-align-left\" data-align=\"left\">V-CAN<\/td><\/tr><tr><td class=\"has-text-align-center\" data-align=\"center\">\u88fd\u54c1\u30b5\u30a4\u30ba<\/td><td class=\"has-text-align-left\" data-align=\"left\">483.6 mm \u00d7 301.2 mm \u00d7 50.1 mm<\/td><td class=\"has-text-align-left\" data-align=\"left\">483.6 mm \u00d7 351.2 mm \u00d7 50.1 mm<\/td><td class=\"has-text-align-left\" data-align=\"left\">483.6 mm \u00d7 351.2 mm \u00d7 50.1 mm<\/td><td class=\"has-text-align-left\" data-align=\"left\">482.6 mm \u00d7372.5 mm \u00d794.6 mm<\/td><\/tr><\/tbody><\/table><figcaption class=\"wp-element-caption\">\u4e88\u544a\u306a\u304f\u4ed5\u69d8\u304c\u5909\u66f4\u306b\u306a\u308b\u5834\u5408\u304c\u3054\u3056\u3044\u307e\u3059\u3002\u8a73\u7d30\u4ed5\u69d8\u306f<a href=\"https:\/\/www.novastar.tech\/\" target=\"_blank\" rel=\"noreferrer noopener\">\u30e1\u30fc\u30ab\u30fc\u30db\u30fc\u30e0\u30da\u30fc\u30b8<\/a>\u3067\u3054\u78ba\u8a8d\u304f\u3060\u3055\u3044\u3002<\/figcaption><\/figure>\n<\/div>\n<\/div>\n","protected":false},"excerpt":{"rendered":"<p>All-in-one Controller VX400 VX600 VX1000 VX16S \u5236\u5fa1\u30c9\u30c3\u30c8\u6570 2,600,000 3,900,000 6,500,000 10,400,000 Max Input W:384 [&hellip;]<\/p>\n","protected":false},"author":1,"featured_media":0,"parent":0,"menu_order":0,"comment_status":"closed","ping_status":"closed","template":"","meta":{"footnotes":""},"_links":{"self":[{"href":"https:\/\/novastar.jri.ne.jp\/index.php?rest_route=\/wp\/v2\/pages\/15"}],"collection":[{"href":"https:\/\/novastar.jri.ne.jp\/index.php?rest_route=\/wp\/v2\/pages"}],"about":[{"href":"https:\/\/novastar.jri.ne.jp\/index.php?rest_route=\/wp\/v2\/types\/page"}],"author":[{"embeddable":true,"href":"https:\/\/novastar.jri.ne.jp\/index.php?rest_route=\/wp\/v2\/users\/1"}],"replies":[{"embeddable":true,"href":"https:\/\/novastar.jri.ne.jp\/index.php?rest_route=%2Fwp%2Fv2%2Fcomments&post=15"}],"version-history":[{"count":10,"href":"https:\/\/novastar.jri.ne.jp\/index.php?rest_route=\/wp\/v2\/pages\/15\/revisions"}],"predecessor-version":[{"id":136,"href":"https:\/\/novastar.jri.ne.jp\/index.php?rest_route=\/wp\/v2\/pages\/15\/revisions\/136"}],"wp:attachment":[{"href":"https:\/\/novastar.jri.ne.jp\/index.php?rest_route=%2Fwp%2Fv2%2Fmedia&parent=15"}],"curies":[{"name":"wp","href":"https:\/\/api.w.org\/{rel}","templated":true}]}}