{"id":24,"date":"2023-06-29T02:36:36","date_gmt":"2023-06-29T02:36:36","guid":{"rendered":"https:\/\/novastar.jri.ne.jp\/?page_id=24"},"modified":"2023-06-30T03:05:05","modified_gmt":"2023-06-30T03:05:05","slug":"controller-sending-box","status":"publish","type":"page","link":"https:\/\/novastar.jri.ne.jp\/?page_id=24","title":{"rendered":"Controller (Sending Box)"},"content":{"rendered":"\n<figure class=\"wp-block-table is-style-stripes\"><table><tbody><tr><td class=\"has-text-align-center\" data-align=\"center\"><strong>Controller (Sending Box)<\/strong><\/td><td><strong>MCTRL300<\/strong><\/td><td><strong>MCTRL600<\/strong><\/td><td><strong>MCTRL660<\/strong><\/td><td><strong>MCTRL660PRO<\/strong><\/td><td><strong>MCTRL4K<\/strong><\/td><\/tr><tr><td class=\"has-text-align-center\" data-align=\"center\"><\/td><td><img decoding=\"async\" loading=\"lazy\" width=\"600\" height=\"300\" class=\"wp-image-111\" style=\"width: 150px;\" src=\"https:\/\/novastar.jri.ne.jp\/wp-content\/uploads\/2023\/06\/mctrl300.jpg\" alt=\"\" srcset=\"https:\/\/novastar.jri.ne.jp\/wp-content\/uploads\/2023\/06\/mctrl300.jpg 600w, https:\/\/novastar.jri.ne.jp\/wp-content\/uploads\/2023\/06\/mctrl300-300x150.jpg 300w\" sizes=\"(max-width: 600px) 100vw, 600px\" \/><\/td><td><img decoding=\"async\" loading=\"lazy\" width=\"600\" height=\"300\" class=\"wp-image-112\" style=\"width: 150px;\" src=\"https:\/\/novastar.jri.ne.jp\/wp-content\/uploads\/2023\/06\/mctrl600.jpg\" alt=\"\" srcset=\"https:\/\/novastar.jri.ne.jp\/wp-content\/uploads\/2023\/06\/mctrl600.jpg 600w, https:\/\/novastar.jri.ne.jp\/wp-content\/uploads\/2023\/06\/mctrl600-300x150.jpg 300w\" sizes=\"(max-width: 600px) 100vw, 600px\" \/><\/td><td><img decoding=\"async\" loading=\"lazy\" width=\"600\" height=\"300\" class=\"wp-image-113\" style=\"width: 150px;\" src=\"https:\/\/novastar.jri.ne.jp\/wp-content\/uploads\/2023\/06\/mctrl660.jpg\" alt=\"\" srcset=\"https:\/\/novastar.jri.ne.jp\/wp-content\/uploads\/2023\/06\/mctrl660.jpg 600w, https:\/\/novastar.jri.ne.jp\/wp-content\/uploads\/2023\/06\/mctrl660-300x150.jpg 300w\" sizes=\"(max-width: 600px) 100vw, 600px\" \/><\/td><td><img decoding=\"async\" loading=\"lazy\" width=\"600\" height=\"300\" class=\"wp-image-114\" style=\"width: 150px;\" src=\"https:\/\/novastar.jri.ne.jp\/wp-content\/uploads\/2023\/06\/mctrl660pro.jpg\" alt=\"\" srcset=\"https:\/\/novastar.jri.ne.jp\/wp-content\/uploads\/2023\/06\/mctrl660pro.jpg 600w, https:\/\/novastar.jri.ne.jp\/wp-content\/uploads\/2023\/06\/mctrl660pro-300x150.jpg 300w\" sizes=\"(max-width: 600px) 100vw, 600px\" \/><\/td><td><img decoding=\"async\" loading=\"lazy\" width=\"600\" height=\"300\" class=\"wp-image-110\" style=\"width: 150px;\" src=\"https:\/\/novastar.jri.ne.jp\/wp-content\/uploads\/2023\/06\/mctrl4k.jpg\" alt=\"\" srcset=\"https:\/\/novastar.jri.ne.jp\/wp-content\/uploads\/2023\/06\/mctrl4k.jpg 600w, https:\/\/novastar.jri.ne.jp\/wp-content\/uploads\/2023\/06\/mctrl4k-300x150.jpg 300w\" sizes=\"(max-width: 600px) 100vw, 600px\" \/><\/td><\/tr><tr><td class=\"has-text-align-center\" data-align=\"center\">\u5236\u5fa1\u30c9\u30c3\u30c8\u6570<\/td><td>1,300,000<\/td><td>2,300,000<\/td><td>2,300,000<\/td><td>2,300,000<\/td><td>8,800,000<\/td><\/tr><tr><td class=\"has-text-align-center\" data-align=\"center\">Max Input<\/td><td>W:3840\u00d7600@60Hz<br>H:548\u00d73840@60Hz<\/td><td>W:3840\u00d7600@60Hz<br>H:548\u00d73840@60Hz<\/td><td>W:3840\u00d7600@60Hz<br>H:548\u00d73840@60Hz<\/td><td>W:3840\u00d7600@60Hz<br>H:800\u00d72560@60Hz<\/td><td>W:7680\u00d71080@60Hz<br>H:1080\u00d77680@60Hz<\/td><\/tr><tr><td class=\"has-text-align-center\" data-align=\"center\">Video Input<\/td><td>DVI\u00d71<\/td><td>DVI\u00d71,HDMI\u00d71<\/td><td>DVI\u00d71,HDMI\u00d71<\/td><td>DVI\u00d71,HDMI\u00d71,<br>3G-SDI \u00d71<\/td><td>DP1.2\u00d71,HDMI2.0\u00d71,<br>Dual DVI\u00d72<\/td><\/tr><tr><td class=\"has-text-align-center\" data-align=\"center\">Output<\/td><td>Network Port\u00d72<\/td><td>Network Port\u00d74<\/td><td>Network Port\u00d74<\/td><td>Network Port\u00d76<br>Fiber Output\u00d72<\/td><td>Network Port\u00d716<br>Fiber Output\u00d74<\/td><\/tr><tr><td class=\"has-text-align-center\" data-align=\"center\">\u30b3\u30f3\u30c8\u30ed\u30fc\u30eb<\/td><td>USB\u00d71<\/td><td>USB\u00d71<\/td><td>USB\u00d71<\/td><td>ETHER\u00d71, USB\u00d71<\/td><td>USB\u00d71, Network\u00d71<\/td><\/tr><tr><td class=\"has-text-align-center\" data-align=\"center\">Software<\/td><td>NovaLCT<\/td><td>NovaLCT<\/td><td>NovaLCT<\/td><td>NovaLCT<\/td><td>NovaLCT<\/td><\/tr><tr><td class=\"has-text-align-center\" data-align=\"center\">\u5546\u54c1\u30b5\u30a4\u30ba<\/td><td>204.0 mm \u00d7 160.0 mm \u00d7 48.0 mm<\/td><td>482.0 mm \u00d7 268.5 mm \u00d7 44.4 mm<\/td><td>483.0 mm \u00d7 258.1 mm \u00d7 55.3 mm<\/td><td>482.6 mm \u00d7 356.0mm \u00d7 50.1mm<\/td><td>482.6 mm \u00d7 372.0 mm \u00d7 88.1 mm<\/td><\/tr><\/tbody><\/table><figcaption class=\"wp-element-caption\">\u4e88\u544a\u306a\u304f\u4ed5\u69d8\u304c\u5909\u66f4\u306b\u306a\u308b\u5834\u5408\u304c\u3054\u3056\u3044\u307e\u3059\u3002\u8a73\u7d30\u4ed5\u69d8\u306f<a href=\"https:\/\/www.novastar.tech\/\" target=\"_blank\" rel=\"noreferrer noopener\">\u30e1\u30fc\u30ab\u30fc\u30db\u30fc\u30e0\u30da\u30fc\u30b8<\/a>\u3067\u3054\u78ba\u8a8d\u304f\u3060\u3055\u3044\u3002<\/figcaption><\/figure>\n","protected":false},"excerpt":{"rendered":"<p>Controller (Sending Box) MCTRL300 MCTRL600 MCTRL660 MCTRL660PRO MCTRL4K \u5236\u5fa1\u30c9\u30c3\u30c8\u6570 1,300,000 2,300,000 2,300,000 2 [&hellip;]<\/p>\n","protected":false},"author":1,"featured_media":0,"parent":0,"menu_order":0,"comment_status":"closed","ping_status":"closed","template":"","meta":{"footnotes":""},"_links":{"self":[{"href":"https:\/\/novastar.jri.ne.jp\/index.php?rest_route=\/wp\/v2\/pages\/24"}],"collection":[{"href":"https:\/\/novastar.jri.ne.jp\/index.php?rest_route=\/wp\/v2\/pages"}],"about":[{"href":"https:\/\/novastar.jri.ne.jp\/index.php?rest_route=\/wp\/v2\/types\/page"}],"author":[{"embeddable":true,"href":"https:\/\/novastar.jri.ne.jp\/index.php?rest_route=\/wp\/v2\/users\/1"}],"replies":[{"embeddable":true,"href":"https:\/\/novastar.jri.ne.jp\/index.php?rest_route=%2Fwp%2Fv2%2Fcomments&post=24"}],"version-history":[{"count":8,"href":"https:\/\/novastar.jri.ne.jp\/index.php?rest_route=\/wp\/v2\/pages\/24\/revisions"}],"predecessor-version":[{"id":137,"href":"https:\/\/novastar.jri.ne.jp\/index.php?rest_route=\/wp\/v2\/pages\/24\/revisions\/137"}],"wp:attachment":[{"href":"https:\/\/novastar.jri.ne.jp\/index.php?rest_route=%2Fwp%2Fv2%2Fmedia&parent=24"}],"curies":[{"name":"wp","href":"https:\/\/api.w.org\/{rel}","templated":true}]}}