{"id":25,"date":"2023-06-29T02:36:36","date_gmt":"2023-06-29T02:36:36","guid":{"rendered":"https:\/\/novastar.jri.ne.jp\/?page_id=25"},"modified":"2023-07-01T08:16:54","modified_gmt":"2023-07-01T08:16:54","slug":"media-player","status":"publish","type":"page","link":"https:\/\/novastar.jri.ne.jp\/?page_id=25","title":{"rendered":"Media Player"},"content":{"rendered":"\n<figure class=\"wp-block-table is-style-stripes\"><table><tbody><tr><td class=\"has-text-align-center\" data-align=\"center\"><strong>Media Player TB\u30b7\u30ea\u30fc\u30ba<\/strong><\/td><td><strong>TB30<\/strong><\/td><td><strong>TB50<\/strong><\/td><td><strong>TB60<\/strong><\/td><\/tr><tr><td class=\"has-text-align-center\" data-align=\"center\"><\/td><td><img decoding=\"async\" loading=\"lazy\" width=\"600\" height=\"300\" class=\"wp-image-128\" style=\"width: 150px;\" src=\"https:\/\/novastar.jri.ne.jp\/wp-content\/uploads\/2023\/06\/tb30.jpg\" alt=\"\" srcset=\"https:\/\/novastar.jri.ne.jp\/wp-content\/uploads\/2023\/06\/tb30.jpg 600w, https:\/\/novastar.jri.ne.jp\/wp-content\/uploads\/2023\/06\/tb30-300x150.jpg 300w\" sizes=\"(max-width: 600px) 100vw, 600px\" \/><\/td><td><img decoding=\"async\" loading=\"lazy\" width=\"600\" height=\"300\" class=\"wp-image-129\" style=\"width: 150px;\" src=\"https:\/\/novastar.jri.ne.jp\/wp-content\/uploads\/2023\/06\/tb50.jpg\" alt=\"\" srcset=\"https:\/\/novastar.jri.ne.jp\/wp-content\/uploads\/2023\/06\/tb50.jpg 600w, https:\/\/novastar.jri.ne.jp\/wp-content\/uploads\/2023\/06\/tb50-300x150.jpg 300w\" sizes=\"(max-width: 600px) 100vw, 600px\" \/><\/td><td><img decoding=\"async\" loading=\"lazy\" width=\"600\" height=\"300\" class=\"wp-image-130\" style=\"width: 150px;\" src=\"https:\/\/novastar.jri.ne.jp\/wp-content\/uploads\/2023\/06\/tb60.jpg\" alt=\"\" srcset=\"https:\/\/novastar.jri.ne.jp\/wp-content\/uploads\/2023\/06\/tb60.jpg 600w, https:\/\/novastar.jri.ne.jp\/wp-content\/uploads\/2023\/06\/tb60-300x150.jpg 300w\" sizes=\"(max-width: 600px) 100vw, 600px\" \/><\/td><\/tr><tr><td class=\"has-text-align-center\" data-align=\"center\">\u5236\u5fa1\u30c9\u30c3\u30c8\u6570<\/td><td>650,000<\/td><td>1,300,000<\/td><td>2,300,000<\/td><\/tr><tr><td class=\"has-text-align-center\" data-align=\"center\">Output LAN<\/td><td>Port\u00d71<br>(BackUP\u00d71)<\/td><td>Port\u00d72<\/td><td>Port\u00d74<\/td><\/tr><tr><td class=\"has-text-align-center\" data-align=\"center\">Max Output<\/td><td>Width 4096 Hight 4096<\/td><td>Width 4096 Hight 4096<\/td><td>Width 4096 Hight 4096<\/td><\/tr><tr><td class=\"has-text-align-center\" data-align=\"center\">USB\u30dd\u30fc\u30c8<\/td><td>Up to 128G<\/td><td>Up to 128G<\/td><td>Up to 128G<\/td><\/tr><tr><td class=\"has-text-align-center\" data-align=\"center\">\u5185\u8535\u30e1\u30e2\u30ea\u30fc<\/td><td>1GB RAM+16GB ROM<\/td><td>1GB RAM+16GB ROM<\/td><td>1GB RAM+16GB ROM<\/td><\/tr><tr><td class=\"has-text-align-center\" data-align=\"center\">\u540c\u671f\u30e2\u30fc\u30c9(HDMI)<\/td><td>\u306a\u3057<\/td><td>\u3042\u308a<\/td><td>\u3042\u308a<\/td><\/tr><tr><td class=\"has-text-align-center\" data-align=\"center\">\u30aa\u30fc\u30c7\u30a3\u30aaOutpt<\/td><td>\u3042\u308a<\/td><td>\u3042\u308a<\/td><td>\u3042\u308a<\/td><\/tr><tr><td class=\"has-text-align-center\" data-align=\"center\">\u30b3\u30f3\u30c8\u30ed\u30fc\u30eb<\/td><td>USB, TCP\/IP, WiFi, Cloud<\/td><td>USB, TCP\/IP, WiFi, Cloud<\/td><td>USB, TCP\/IP, WiFi, Cloud<\/td><\/tr><tr><td class=\"has-text-align-center\" data-align=\"center\">\u30bd\u30d5\u30c8<\/td><td>ViPlex Express, VNNOX(Cloud)<\/td><td>ViPlex Express, VNNOX(Cloud)<\/td><td>ViPlex Express, VNNOX(Cloud)<\/td><\/tr><tr><td class=\"has-text-align-center\" data-align=\"center\">\u88fd\u54c1\u30b5\u30a4\u30ba<\/td><td>274.3 mm \u00d7 139.0 mm \u00d7 40.0 mm<\/td><td>274.3 mm \u00d7 139.0 mm \u00d7 40.0 mm<\/td><td>274.3 mm \u00d7 139.0 mm \u00d7 40.0 mm<\/td><\/tr><\/tbody><\/table><figcaption class=\"wp-element-caption\">\u4e88\u544a\u306a\u304f\u4ed5\u69d8\u304c\u5909\u66f4\u306b\u306a\u308b\u5834\u5408\u304c\u3054\u3056\u3044\u307e\u3059\u3002\u8a73\u7d30\u4ed5\u69d8\u306f<a href=\"https:\/\/www.novastar.tech\/\" target=\"_blank\" rel=\"noreferrer noopener\">\u30e1\u30fc\u30ab\u30fc\u30db\u30fc\u30e0\u30da\u30fc\u30b8<\/a>\u3067\u3054\u78ba\u8a8d\u304f\u3060\u3055\u3044\u3002<\/figcaption><\/figure>\n","protected":false},"excerpt":{"rendered":"<p>Media Player TB\u30b7\u30ea\u30fc\u30ba TB30 TB50 TB60 \u5236\u5fa1\u30c9\u30c3\u30c8\u6570 650,000 1,300,000 2,300,000 Output LAN Port\u00d71(BackUP\u00d71) Port\u00d72 Port\u00d7 [&hellip;]<\/p>\n","protected":false},"author":1,"featured_media":0,"parent":0,"menu_order":0,"comment_status":"closed","ping_status":"closed","template":"","meta":{"footnotes":""},"_links":{"self":[{"href":"https:\/\/novastar.jri.ne.jp\/index.php?rest_route=\/wp\/v2\/pages\/25"}],"collection":[{"href":"https:\/\/novastar.jri.ne.jp\/index.php?rest_route=\/wp\/v2\/pages"}],"about":[{"href":"https:\/\/novastar.jri.ne.jp\/index.php?rest_route=\/wp\/v2\/types\/page"}],"author":[{"embeddable":true,"href":"https:\/\/novastar.jri.ne.jp\/index.php?rest_route=\/wp\/v2\/users\/1"}],"replies":[{"embeddable":true,"href":"https:\/\/novastar.jri.ne.jp\/index.php?rest_route=%2Fwp%2Fv2%2Fcomments&post=25"}],"version-history":[{"count":5,"href":"https:\/\/novastar.jri.ne.jp\/index.php?rest_route=\/wp\/v2\/pages\/25\/revisions"}],"predecessor-version":[{"id":185,"href":"https:\/\/novastar.jri.ne.jp\/index.php?rest_route=\/wp\/v2\/pages\/25\/revisions\/185"}],"wp:attachment":[{"href":"https:\/\/novastar.jri.ne.jp\/index.php?rest_route=%2Fwp%2Fv2%2Fmedia&parent=25"}],"curies":[{"name":"wp","href":"https:\/\/api.w.org\/{rel}","templated":true}]}}